{"id":5430,"date":"2016-07-29T12:34:58","date_gmt":"2016-07-29T10:34:58","guid":{"rendered":"http:\/\/demo.wpzoom.com\/videobox\/?page_id=5430"},"modified":"2018-05-24T19:16:07","modified_gmt":"2018-05-24T17:16:07","slug":"proyecto-labolsa","status":"publish","type":"page","link":"https:\/\/revistalabolsa.com\/index.php\/proyecto-labolsa\/","title":{"rendered":"Proyecto LABOLSA"},"content":{"rendered":"<p style=\"text-align: center;\"><strong>LABOLSA: \u201cRecipiente no r\u00edgido y de f\u00e1cil transporte<\/strong> <strong>donde las cosas se mezclan y son llevadas de un sitio para otro\u201d.<\/strong><\/p>\n<p>La definici\u00f3n del objeto de uso se ajusta a la del objeto conceptual: <strong>LABOLSA <\/strong>es un proyecto\/contenedor art\u00edstico que incluye:<\/p>\n<p><strong>-Comunicaci\u00f3n y divulgaci\u00f3n <\/strong>(Edici\u00f3n mensual de la revista digital)<\/p>\n<p>&#8211;<strong>Dinamizaci\u00f3n<\/strong> (Encuentros, jornadas, exposiciones, presentaciones\u2026)<\/p>\n<p><strong>-Formaci\u00f3n e intercambio <\/strong>(Talleres intensivos LABOLSA)<\/p>\n<p style=\"text-align: center;\">\u00bfQu\u00e9 pretende <strong>LABOLSA<\/strong>?<\/p>\n<p>Es un recipiente que acoge, mezcla, agita y transporta todo lo que tenga que ver con la creaci\u00f3n experimental audiovisual. Una v\u00eda alternativa y complementaria a las instituciones, galer\u00edas, ediciones especializadas y otros miembros del engranaje art\u00edstico contempor\u00e1neo.<\/p>\n<p><strong>-LABOLSA (proyecto global)<\/strong> surge de un modo natural a partir de la edici\u00f3n de la revista. Esta v\u00eda de comunicaci\u00f3n da pi\u00e9 a profundizar e intensificar contactos entre artistas que se van materializando en iniciativas complementarias (y viceversa, todas las actividades se retroalimentan).<\/p>\n<blockquote><p><strong><em>LABOLSA<\/em><\/strong><em> es un proyecto independiente y no lucrativo que busca el movimiento por el movimiento. <\/em><em>Sin tener vocaci\u00f3n de ca\u00f3tico cree en el azar y el encuentro casual. <\/em><em>Al igual que en el arte experimental, mezclamos para ver que sale. <\/em><\/p><\/blockquote>\n<p>El proyecto surge en el 2005 en el \u00e1mbito de la poes\u00eda experimental extreme\u00f1a. Lo que en un primer momento no pretend\u00eda ser mas que un juego de colaboraci\u00f3n entre artistas fue extendi\u00e9ndose y creciendo a medida que iba divulg\u00e1ndose en eventos y librer\u00edas especializadas.<\/p>\n<p>La revista, que naci\u00f3 como <em>revista de acciones<\/em>, (de ah\u00ed el nombre de LABOLSA) consist\u00eda en un DVD que recog\u00eda colaboraciones de autores nacionales e internacionales de variado planteamiento conceptual y de estilo, el \u00fanico l\u00edmite fue y es la duraci\u00f3n (m\u00e1ximo actual: 7 min.) Su esp\u00edritu ecl\u00e9ctico ha propiciado una evoluci\u00f3n cada vez mas abierta a otras formas de v\u00eddeo experimental, recogiendo en sus \u00faltimos n\u00fameros piezas que pueden corresponder a las amplias categor\u00edas de videoacci\u00f3n, documento performance, videocreaci\u00f3n y videoanimaci\u00f3n pasando a veces por terrenos mixtos entre ellas.<\/p>\n<p>La edici\u00f3n f\u00edsica en forma de folleto+DVD (hoy extinguida) comenz\u00f3 a apoyarse en una edici\u00f3n ON LINE (revistalabolsa.com), que funciona como nexo y aparato gestor a la hora de divulgar y organizar las diferentes convocatorias de n\u00fameros, talleres y eventos.<\/p>\n<p>Los contactos surgidos a ra\u00edz de la publicaci\u00f3n DVD y ON LINE, han servido de est\u00edmulo y aval para la realizaci\u00f3n de talleres y encuentros apoyados por diversas instituciones extreme\u00f1as, entre ellos queremos destacar el \u201cPLENO EXTRAORDINARIO\u201d(2005) donde una veintena de artistas de la acci\u00f3n tomaban durante dos d\u00edas el antiguo hemiciclo de la asamblea de Extremadura, el \u201cINFLUXUS I y II\u201d (2007 y 2009) encuentros y talleres donde los artistas retomaban el esp\u00edritu de creaci\u00f3n Fluxus en el m\u00e1gico entorno del museo Vostell Malpartida, y el \u201cINTERAC I\u201d (2010) taller encuentro sobre arte interactivo.<\/p>\n<div id='gallery-1' class='gallery galleryid-5430 gallery-columns-3 gallery-size-medium'><figure class='gallery-item'>\n\t\t\t<div class='gallery-icon landscape'>\n\t\t\t\t<a href='https:\/\/revistalabolsa.com\/corro\/'><img loading=\"lazy\" decoding=\"async\" width=\"300\" height=\"240\" src=\"https:\/\/revistalabolsa.com\/wp-content\/uploads\/2016\/12\/corro-300x240.bmp\" class=\"attachment-medium size-medium\" alt=\"\" srcset=\"https:\/\/revistalabolsa.com\/wp-content\/uploads\/2016\/12\/corro-300x240.bmp 300w, https:\/\/revistalabolsa.com\/wp-content\/uploads\/2016\/12\/corro-600x480.bmp 600w, https:\/\/revistalabolsa.com\/wp-content\/uploads\/2016\/12\/corro-69x55.bmp 69w, https:\/\/revistalabolsa.com\/wp-content\/uploads\/2016\/12\/corro.bmp 720w\" sizes=\"auto, (max-width: 300px) 100vw, 300px\" \/><\/a>\n\t\t\t<\/div><\/figure><figure class='gallery-item'>\n\t\t\t<div class='gallery-icon landscape'>\n\t\t\t\t<a href='https:\/\/revistalabolsa.com\/mas-bella-en-pleno\/'><img loading=\"lazy\" decoding=\"async\" width=\"300\" height=\"240\" src=\"https:\/\/revistalabolsa.com\/wp-content\/uploads\/2016\/12\/Mas-Bella-en-PLENO-300x240.bmp\" class=\"attachment-medium size-medium\" alt=\"\" srcset=\"https:\/\/revistalabolsa.com\/wp-content\/uploads\/2016\/12\/Mas-Bella-en-PLENO-300x240.bmp 300w, https:\/\/revistalabolsa.com\/wp-content\/uploads\/2016\/12\/Mas-Bella-en-PLENO-600x480.bmp 600w, https:\/\/revistalabolsa.com\/wp-content\/uploads\/2016\/12\/Mas-Bella-en-PLENO-69x55.bmp 69w, https:\/\/revistalabolsa.com\/wp-content\/uploads\/2016\/12\/Mas-Bella-en-PLENO.bmp 720w\" sizes=\"auto, (max-width: 300px) 100vw, 300px\" \/><\/a>\n\t\t\t<\/div><\/figure><figure class='gallery-item'>\n\t\t\t<div class='gallery-icon landscape'>\n\t\t\t\t<a href='https:\/\/revistalabolsa.com\/plenoextraord\/'><img loading=\"lazy\" decoding=\"async\" width=\"300\" height=\"225\" src=\"https:\/\/revistalabolsa.com\/wp-content\/uploads\/2016\/12\/plenoextraord-300x225.jpg\" class=\"attachment-medium size-medium\" alt=\"\" srcset=\"https:\/\/revistalabolsa.com\/wp-content\/uploads\/2016\/12\/plenoextraord-300x225.jpg 300w, https:\/\/revistalabolsa.com\/wp-content\/uploads\/2016\/12\/plenoextraord-768x576.jpg 768w, https:\/\/revistalabolsa.com\/wp-content\/uploads\/2016\/12\/plenoextraord-1024x768.jpg 1024w, https:\/\/revistalabolsa.com\/wp-content\/uploads\/2016\/12\/plenoextraord-600x450.jpg 600w, https:\/\/revistalabolsa.com\/wp-content\/uploads\/2016\/12\/plenoextraord-73x55.jpg 73w, https:\/\/revistalabolsa.com\/wp-content\/uploads\/2016\/12\/plenoextraord-1800x1350.jpg 1800w, https:\/\/revistalabolsa.com\/wp-content\/uploads\/2016\/12\/plenoextraord.jpg 2048w\" sizes=\"auto, (max-width: 300px) 100vw, 300px\" \/><\/a>\n\t\t\t<\/div><\/figure><figure class='gallery-item'>\n\t\t\t<div class='gallery-icon landscape'>\n\t\t\t\t<a href='https:\/\/revistalabolsa.com\/comida\/'><img loading=\"lazy\" decoding=\"async\" width=\"300\" height=\"200\" src=\"https:\/\/revistalabolsa.com\/wp-content\/uploads\/2016\/12\/comida-300x200.jpg\" class=\"attachment-medium size-medium\" alt=\"\" srcset=\"https:\/\/revistalabolsa.com\/wp-content\/uploads\/2016\/12\/comida-300x200.jpg 300w, https:\/\/revistalabolsa.com\/wp-content\/uploads\/2016\/12\/comida-768x511.jpg 768w, https:\/\/revistalabolsa.com\/wp-content\/uploads\/2016\/12\/comida-600x399.jpg 600w, https:\/\/revistalabolsa.com\/wp-content\/uploads\/2016\/12\/comida-83x55.jpg 83w, https:\/\/revistalabolsa.com\/wp-content\/uploads\/2016\/12\/comida.jpg 902w\" sizes=\"auto, (max-width: 300px) 100vw, 300px\" \/><\/a>\n\t\t\t<\/div><\/figure><figure class='gallery-item'>\n\t\t\t<div class='gallery-icon landscape'>\n\t\t\t\t<a href='https:\/\/revistalabolsa.com\/img_0123\/'><img loading=\"lazy\" decoding=\"async\" width=\"300\" height=\"200\" src=\"https:\/\/revistalabolsa.com\/wp-content\/uploads\/2016\/12\/IMG_0123-300x200.jpg\" class=\"attachment-medium size-medium\" alt=\"\" srcset=\"https:\/\/revistalabolsa.com\/wp-content\/uploads\/2016\/12\/IMG_0123-300x200.jpg 300w, https:\/\/revistalabolsa.com\/wp-content\/uploads\/2016\/12\/IMG_0123-768x512.jpg 768w, https:\/\/revistalabolsa.com\/wp-content\/uploads\/2016\/12\/IMG_0123-600x400.jpg 600w, https:\/\/revistalabolsa.com\/wp-content\/uploads\/2016\/12\/IMG_0123-83x55.jpg 83w, https:\/\/revistalabolsa.com\/wp-content\/uploads\/2016\/12\/IMG_0123.jpg 900w\" sizes=\"auto, (max-width: 300px) 100vw, 300px\" \/><\/a>\n\t\t\t<\/div><\/figure><figure class='gallery-item'>\n\t\t\t<div class='gallery-icon landscape'>\n\t\t\t\t<a href='https:\/\/revistalabolsa.com\/index.php\/proyecto-labolsa\/inf2_museovostel\/'><img loading=\"lazy\" decoding=\"async\" width=\"300\" height=\"167\" src=\"https:\/\/revistalabolsa.com\/wp-content\/uploads\/2016\/07\/inf2_museovostel-300x167.jpg\" class=\"attachment-medium size-medium\" alt=\"\" srcset=\"https:\/\/revistalabolsa.com\/wp-content\/uploads\/2016\/07\/inf2_museovostel-300x167.jpg 300w, https:\/\/revistalabolsa.com\/wp-content\/uploads\/2016\/07\/inf2_museovostel-768x428.jpg 768w, https:\/\/revistalabolsa.com\/wp-content\/uploads\/2016\/07\/inf2_museovostel-1024x570.jpg 1024w, https:\/\/revistalabolsa.com\/wp-content\/uploads\/2016\/07\/inf2_museovostel-600x334.jpg 600w, https:\/\/revistalabolsa.com\/wp-content\/uploads\/2016\/07\/inf2_museovostel-99x55.jpg 99w, https:\/\/revistalabolsa.com\/wp-content\/uploads\/2016\/07\/inf2_museovostel.jpg 1348w\" sizes=\"auto, (max-width: 300px) 100vw, 300px\" \/><\/a>\n\t\t\t<\/div><\/figure><figure class='gallery-item'>\n\t\t\t<div class='gallery-icon landscape'>\n\t\t\t\t<a href='https:\/\/revistalabolsa.com\/cartel-a3\/'><img loading=\"lazy\" decoding=\"async\" width=\"300\" height=\"212\" src=\"https:\/\/revistalabolsa.com\/wp-content\/uploads\/2016\/12\/cartel-A3-300x212.jpg\" class=\"attachment-medium size-medium\" alt=\"\" srcset=\"https:\/\/revistalabolsa.com\/wp-content\/uploads\/2016\/12\/cartel-A3-300x212.jpg 300w, https:\/\/revistalabolsa.com\/wp-content\/uploads\/2016\/12\/cartel-A3-768x543.jpg 768w, https:\/\/revistalabolsa.com\/wp-content\/uploads\/2016\/12\/cartel-A3-1024x724.jpg 1024w, https:\/\/revistalabolsa.com\/wp-content\/uploads\/2016\/12\/cartel-A3-600x424.jpg 600w, https:\/\/revistalabolsa.com\/wp-content\/uploads\/2016\/12\/cartel-A3-78x55.jpg 78w, https:\/\/revistalabolsa.com\/wp-content\/uploads\/2016\/12\/cartel-A3-1800x1272.jpg 1800w, https:\/\/revistalabolsa.com\/wp-content\/uploads\/2016\/12\/cartel-A3.jpg 1985w\" sizes=\"auto, (max-width: 300px) 100vw, 300px\" \/><\/a>\n\t\t\t<\/div><\/figure><figure class='gallery-item'>\n\t\t\t<div class='gallery-icon landscape'>\n\t\t\t\t<a href='https:\/\/revistalabolsa.com\/desayarduino1\/'><img loading=\"lazy\" decoding=\"async\" width=\"300\" height=\"225\" src=\"https:\/\/revistalabolsa.com\/wp-content\/uploads\/2016\/12\/desayArduino1-300x225.jpg\" class=\"attachment-medium size-medium\" alt=\"\" srcset=\"https:\/\/revistalabolsa.com\/wp-content\/uploads\/2016\/12\/desayArduino1-300x225.jpg 300w, https:\/\/revistalabolsa.com\/wp-content\/uploads\/2016\/12\/desayArduino1-768x576.jpg 768w, https:\/\/revistalabolsa.com\/wp-content\/uploads\/2016\/12\/desayArduino1-1024x768.jpg 1024w, https:\/\/revistalabolsa.com\/wp-content\/uploads\/2016\/12\/desayArduino1-600x450.jpg 600w, https:\/\/revistalabolsa.com\/wp-content\/uploads\/2016\/12\/desayArduino1-73x55.jpg 73w, https:\/\/revistalabolsa.com\/wp-content\/uploads\/2016\/12\/desayArduino1.jpg 1296w\" sizes=\"auto, (max-width: 300px) 100vw, 300px\" \/><\/a>\n\t\t\t<\/div><\/figure><figure class='gallery-item'>\n\t\t\t<div class='gallery-icon landscape'>\n\t\t\t\t<a href='https:\/\/revistalabolsa.com\/em1\/'><img loading=\"lazy\" decoding=\"async\" width=\"300\" height=\"225\" src=\"https:\/\/revistalabolsa.com\/wp-content\/uploads\/2016\/12\/em1-300x225.jpg\" class=\"attachment-medium size-medium\" alt=\"\" srcset=\"https:\/\/revistalabolsa.com\/wp-content\/uploads\/2016\/12\/em1-300x225.jpg 300w, https:\/\/revistalabolsa.com\/wp-content\/uploads\/2016\/12\/em1-768x576.jpg 768w, https:\/\/revistalabolsa.com\/wp-content\/uploads\/2016\/12\/em1-1024x768.jpg 1024w, https:\/\/revistalabolsa.com\/wp-content\/uploads\/2016\/12\/em1-600x450.jpg 600w, https:\/\/revistalabolsa.com\/wp-content\/uploads\/2016\/12\/em1-73x55.jpg 73w, https:\/\/revistalabolsa.com\/wp-content\/uploads\/2016\/12\/em1-1800x1350.jpg 1800w, https:\/\/revistalabolsa.com\/wp-content\/uploads\/2016\/12\/em1.jpg 1814w\" sizes=\"auto, (max-width: 300px) 100vw, 300px\" \/><\/a>\n\t\t\t<\/div><\/figure>\n\t\t<\/div>\n\n<p>&nbsp;<\/p>\n<p>La revista, centrada en la gesti\u00f3n cultural independiente y no lucrativa, mantuvo una periodicidad variable (sujeta a la materializaci\u00f3n de sus variados proyectos). Actualmente realiza una edici\u00f3n mensual, aunque mantiene la opci\u00f3n de realizar ediciones especiales.<\/p>\n<p>Cada n\u00famero o bolet\u00edn recoge un m\u00e1ximo de ocho obras con sus breves presentaciones, y la subscripci\u00f3n es gratuita, preservando el car\u00e1cter estrictamente no comercial del proyecto <em>: La \u00fanica pretensi\u00f3n de enriquecernos es a trav\u00e9s de la comunicaci\u00f3n \u201cartista\/artista\u201d, frente a la empobrecedora y hoy tristemente dominante \u201cartista\/galerista\u201d. Sentimos que en la era de la comunicaci\u00f3n el artista es, cada vez m\u00e1s, una isla. En el mejor de los casos se convierte en una mercanc\u00eda y olvida los ideales y motivaciones esenciales de la realizaci\u00f3n art\u00edstica. Tambi\u00e9n precisa de apoyos para ponerse al d\u00eda en el vertiginoso avance de medios y herramientas tecnol\u00f3gicas que se suceden en el mundo de la creaci\u00f3n contempor\u00e1nea, y no le viene mal conocer los entresijos de la obra y la experiencia de otros artistas que se mueven en las complejas \u00f3rbitas del universo del Arte.<\/em><\/p>\n<p>En definitiva: \u00bfexiste otra forma de \u201cvivir el arte\u201d?, esa es la pregunta de fondo que la revista busca responder con sus variadas ediciones y proyectos entorno al videoarte experimental, g\u00e9nero que por su propia naturaleza es un lenguaje de plena actualidad pero que no encaja en los salones, ha de buscar un nuevo recipiente: <strong>LABOLSA<\/strong>.<br \/>\n[wysija_form id=\u00bb1&#8243;]<\/p>\n<p>&nbsp;<\/p>\n<ul>\n<li>Nota sobre nuestra pol\u00edtica de privacidad: LABOLSA, como asociaci\u00f3n cultural independiente y sin \u00e1nimo de lucro, utiliza cualquier dato que los usuarios de esta p\u00e1gina le hagan llegar (a trav\u00e9s de enlaces a p\u00e1ginas web o correos electr\u00f3nicos) con fines de divulgaci\u00f3n y comunicaci\u00f3n cultural personalizada. En ning\u00fan caso se comparten con terceros sin el consentimiento del usuario.<span style=\"font-family: Verdana; font-size: medium;\">\n<p>En caso de no querer seguir recibiendo nuestras comunicaciones s\u00f3lo tienes que escribir un mensaje en ese sentido a la direcci\u00f3n de correo electr\u00f3nico <a href=\"mailto:labolsa@revistalabolsa.com\">labolsa@revistalabolsa.com<\/a>.<br \/>\n<\/span><\/li>\n<\/ul>\n","protected":false},"excerpt":{"rendered":"<p>LABOLSA: \u201cRecipiente no r\u00edgido y de f\u00e1cil transporte donde las cosas se mezclan y son llevadas de un sitio para otro\u201d. La definici\u00f3n del objeto de uso se ajusta a la del objeto conceptual: LABOLSA es un proyecto\/contenedor art\u00edstico que incluye: -Comunicaci\u00f3n y divulgaci\u00f3n (Edici\u00f3n [&hellip;]<\/p>\n","protected":false},"author":1,"featured_media":5577,"parent":0,"menu_order":0,"comment_status":"closed","ping_status":"closed","template":"page-templates\/full-width.php","meta":{"spay_email":"","footnotes":""},"class_list":["post-5430","page","type-page","status-publish","has-post-thumbnail","hentry"],"jetpack_sharing_enabled":true,"jetpack_shortlink":"https:\/\/wp.me\/P87Up8-1pA","_links":{"self":[{"href":"https:\/\/revistalabolsa.com\/index.php\/wp-json\/wp\/v2\/pages\/5430","targetHints":{"allow":["GET"]}}],"collection":[{"href":"https:\/\/revistalabolsa.com\/index.php\/wp-json\/wp\/v2\/pages"}],"about":[{"href":"https:\/\/revistalabolsa.com\/index.php\/wp-json\/wp\/v2\/types\/page"}],"author":[{"embeddable":true,"href":"https:\/\/revistalabolsa.com\/index.php\/wp-json\/wp\/v2\/users\/1"}],"replies":[{"embeddable":true,"href":"https:\/\/revistalabolsa.com\/index.php\/wp-json\/wp\/v2\/comments?post=5430"}],"version-history":[{"count":12,"href":"https:\/\/revistalabolsa.com\/index.php\/wp-json\/wp\/v2\/pages\/5430\/revisions"}],"predecessor-version":[{"id":6507,"href":"https:\/\/revistalabolsa.com\/index.php\/wp-json\/wp\/v2\/pages\/5430\/revisions\/6507"}],"wp:featuredmedia":[{"embeddable":true,"href":"https:\/\/revistalabolsa.com\/index.php\/wp-json\/wp\/v2\/media\/5577"}],"wp:attachment":[{"href":"https:\/\/revistalabolsa.com\/index.php\/wp-json\/wp\/v2\/media?parent=5430"}],"curies":[{"name":"wp","href":"https:\/\/api.w.org\/{rel}","templated":true}]}}